{"id":84,"date":"2025-11-12T22:23:44","date_gmt":"2025-11-12T22:23:44","guid":{"rendered":"https:\/\/dziedzictwo.uciakiewicz.pl\/zamow\/?page_id=84"},"modified":"2025-12-02T15:22:15","modified_gmt":"2025-12-02T15:22:15","slug":"regulamin","status":"publish","type":"page","link":"https:\/\/dziedzictwo.uciakiewicz.pl\/zamow\/regulamin\/","title":{"rendered":"Regulamin promocji"},"content":{"rendered":"\n\n\n\n\n<h2 class=\"wp-block-heading\">Regulamin promocji<\/h2>\n\n\n\n<ol class=\"wp-block-list\">\n<li>&nbsp;Oferta powsta\u0142a w ramach dzia\u0142alno\u015bci nierejestrowanej Agnieszki Uciakiewicz, z siedzib\u0105 w Katowicach.<\/li>\n\n\n\n<li>Oferta dotyczy obni\u017cki -15% ceny od ceny wyj\u015bciowej 70z\u0142 na zakup powie\u015bci poprzez formularz zam\u00f3wie\u0144 na dziedzictwo.uciakiewicz.pl<\/li>\n\n\n\n<li>Oferta obowi\u0105zuje w ramach czasowych\u00a0 1.12-24.12.2025<\/li>\n\n\n\n<li>Rabat przydzialny jest na wszystkie zam\u00f3wienia z\u0142o\u017cone w okresie zdefiniowanym w pkt 3 tego regulaminu.<\/li>\n\n\n\n<li>Wszelkie zastrze\u017cenia i reklamacje mo\u017cna wnosi\u0107 do organizatora za po\u015brednictwem poczty elektronicznej na adres&nbsp;agnieszka.uciakiewicz@gmail.com. Czas na rozpatrzenie reklamacji to 14 dni.<\/li>\n\n\n\n<li>Uczestnicy wyra\u017caj\u0105 zgod\u0119 na przetwarzanie ich danych osobowych na potrzeby zam\u00f3wie\u0144.<\/li>\n\n\n\n<li>Polityka Prywatno\u015bci dost\u0119pna jest&nbsp;<a href=\"https:\/\/dziedzictwo.uciakiewicz.pl\/zamow\/privacy-policy\/\" target=\"_blank\" rel=\"noreferrer noopener\">TUTAJ<\/a>&nbsp;(pkt. 10)&nbsp;<\/li>\n\n\n\n<li>Skorzystanie z Oferty oznacza akceptacj\u0119 niniejszego regulaminu bez wyj\u0105tk\u00f3w.<\/li>\n\n\n\n<li>Agnieszka Uciakiewicz zastrzega sobie prawo do wprowadzania zmian w regulaminie.<\/li>\n<\/ol>\n\n\n","protected":false},"excerpt":{"rendered":"","protected":false},"author":1,"featured_media":0,"parent":0,"menu_order":0,"comment_status":"closed","ping_status":"closed","template":"","meta":{"pagelayer_contact_templates":[],"_pagelayer_content":"","footnotes":""},"class_list":["post-84","page","type-page","status-publish","hentry"],"_links":{"self":[{"href":"https:\/\/dziedzictwo.uciakiewicz.pl\/zamow\/wp-json\/wp\/v2\/pages\/84","targetHints":{"allow":["GET"]}}],"collection":[{"href":"https:\/\/dziedzictwo.uciakiewicz.pl\/zamow\/wp-json\/wp\/v2\/pages"}],"about":[{"href":"https:\/\/dziedzictwo.uciakiewicz.pl\/zamow\/wp-json\/wp\/v2\/types\/page"}],"author":[{"embeddable":true,"href":"https:\/\/dziedzictwo.uciakiewicz.pl\/zamow\/wp-json\/wp\/v2\/users\/1"}],"replies":[{"embeddable":true,"href":"https:\/\/dziedzictwo.uciakiewicz.pl\/zamow\/wp-json\/wp\/v2\/comments?post=84"}],"version-history":[{"count":3,"href":"https:\/\/dziedzictwo.uciakiewicz.pl\/zamow\/wp-json\/wp\/v2\/pages\/84\/revisions"}],"predecessor-version":[{"id":100,"href":"https:\/\/dziedzictwo.uciakiewicz.pl\/zamow\/wp-json\/wp\/v2\/pages\/84\/revisions\/100"}],"wp:attachment":[{"href":"https:\/\/dziedzictwo.uciakiewicz.pl\/zamow\/wp-json\/wp\/v2\/media?parent=84"}],"curies":[{"name":"wp","href":"https:\/\/api.w.org\/{rel}","templated":true}]}}